{"id":5015,"date":"2017-01-19T04:51:55","date_gmt":"2017-01-19T08:51:55","guid":{"rendered":"http:\/\/www.ea.aw\/pages\/?page_id=5015"},"modified":"2021-05-31T14:29:17","modified_gmt":"2021-05-31T18:29:17","slug":"evaluacion-di-competencia","status":"publish","type":"page","link":"https:\/\/www.ea.aw\/pages\/supervision-di-ensenansa\/evaluacion-di-competencia\/","title":{"rendered":"Evaluacion di competencia"},"content":{"rendered":"<hr \/>\n<p style=\"text-align: left;\">Ley ta bisa cu solamente personanan cu un prueba di capacidad manera describi den ley ta competente pa haya un nombramento den ense\u00f1ansa. Den ley ta poni tambe cu minister por vincula otro pruebanan di capacidad y competencia pa por duna les sea den ense\u00f1ansa preparatorio of ense\u00f1ansa basico.<\/p>\n<p style=\"text-align: left;\">Pa ense\u00f1ansa avansa ta otro. Pa personanan cu no ta dispone di e prueba di capacidad manera cu ta poni den ley y cu kier duna les den ense\u00f1ansa avansa, tin condicionnan stipula pa nan. Pa tuma e personanan aki den servicio, e directiva di scol mester pidi permiso di Inspeccion.<\/p>\n<hr \/>\n<h3><span style=\"color: #333333;\">Info \/ Contact<\/span><\/h3>\n<p><a href=\"https:\/\/www.ea.aw\/pages\/contact\/dienst-inspectie\/\">Dienst Inspectie van het Onderwijs<\/a><\/p>\n","protected":false},"excerpt":{"rendered":"<p>Ley ta bisa cu solamente personanan cu un prueba di capacidad manera describi den ley ta competente pa haya un nombramento den ense\u00f1ansa. Den ley ta poni tambe cu minister por vincula otro pruebanan di capacidad y competencia pa por duna les sea den ense\u00f1ansa preparatorio of ense\u00f1ansa basico. Pa ense\u00f1ansa avansa ta otro. Pa [&hellip;]<\/p>\n","protected":false},"author":1,"featured_media":0,"parent":5007,"menu_order":0,"comment_status":"closed","ping_status":"closed","template":"","meta":{"footnotes":""},"class_list":["post-5015","page","type-page","status-publish","hentry"],"_links":{"self":[{"href":"https:\/\/www.ea.aw\/pages\/wp-json\/wp\/v2\/pages\/5015","targetHints":{"allow":["GET"]}}],"collection":[{"href":"https:\/\/www.ea.aw\/pages\/wp-json\/wp\/v2\/pages"}],"about":[{"href":"https:\/\/www.ea.aw\/pages\/wp-json\/wp\/v2\/types\/page"}],"author":[{"embeddable":true,"href":"https:\/\/www.ea.aw\/pages\/wp-json\/wp\/v2\/users\/1"}],"replies":[{"embeddable":true,"href":"https:\/\/www.ea.aw\/pages\/wp-json\/wp\/v2\/comments?post=5015"}],"version-history":[{"count":3,"href":"https:\/\/www.ea.aw\/pages\/wp-json\/wp\/v2\/pages\/5015\/revisions"}],"predecessor-version":[{"id":27239,"href":"https:\/\/www.ea.aw\/pages\/wp-json\/wp\/v2\/pages\/5015\/revisions\/27239"}],"up":[{"embeddable":true,"href":"https:\/\/www.ea.aw\/pages\/wp-json\/wp\/v2\/pages\/5007"}],"wp:attachment":[{"href":"https:\/\/www.ea.aw\/pages\/wp-json\/wp\/v2\/media?parent=5015"}],"curies":[{"name":"wp","href":"https:\/\/api.w.org\/{rel}","templated":true}]}}