{"id":5,"date":"2017-01-11T03:08:59","date_gmt":"2017-01-11T07:08:59","guid":{"rendered":"http:\/\/www.ea.aw\/pages\/?page_id=5"},"modified":"2021-10-26T12:17:15","modified_gmt":"2021-10-26T16:17:15","slug":"organisacion","status":"publish","type":"page","link":"https:\/\/www.ea.aw\/pages\/organisacion\/","title":{"rendered":"Organisacion"},"content":{"rendered":"<hr \/>\n<p style=\"text-align: right;\"><em><a href=\"https:\/\/www.ea.aw\/pages\/nederlands\/organisatiestructuur\/\" target=\"_blank\" rel=\"noopener noreferrer\">Organisatiestructuur (NL)<\/a><\/em> &#8211; <em><a href=\"https:\/\/www.ea.aw\/pages\/english\/organizational-structure\/\" target=\"_blank\" rel=\"noopener noreferrer\">Orginazation structure (EN)<\/a><\/em><\/p>\n<hr \/>\n<p>Ense\u00f1ansa na Aruba ta sirbi rond di bintidos mil (22000) alumno y studiante na mas o menos ochenta (80) scol. E organisacionnan cu ta responsabel pa Ense\u00f1ansa na Aruba ta:<\/p>\n<ul>\n<li><span style=\"font-size: 12pt;\"><a href=\"https:\/\/www.ea.aw\/pages\/organisacion\/ministerio-di-ensenansa\/\">Ministerio di Ense\u00f1ansa<\/a><\/span><\/li>\n<li><span style=\"font-size: 12pt;\"><a href=\"https:\/\/www.ea.aw\/pages\/organisacion\/departamento-di-ensenansa\/\">Departamento di Ense\u00f1ansa Aruba (DEA)<\/a><\/span><\/li>\n<li><a href=\"https:\/\/www.ea.aw\/pages\/organisacion\/dienst-uitvoering-onderwijssubsidies-duos\/\">Dienst Uitvoering Onderwijssubsidies (DUOS)<\/a><\/li>\n<li><span style=\"font-size: 12pt;\"><a href=\"https:\/\/www.ea.aw\/pages\/organisacion\/dienst-inspectie-van-het-onderwijs\/\">Dienst Inspectie van het Onderwijs (DIO)<\/a><\/span><\/li>\n<li><span style=\"font-size: 12pt;\"><a href=\"https:\/\/www.ea.aw\/pages\/organisacion\/bureau-leerplicht\/\">Bureau Leerplicht<\/a><\/span><\/li>\n<li><a href=\"https:\/\/www.ea.aw\/pages\/organisacion\/directiva-di-scol\/\"><span style=\"font-size: 12pt;\">Directivanan di Scol<\/span><\/a><\/li>\n<li><span style=\"font-size: 12pt;\"><a href=\"https:\/\/www.ea.aw\/pages\/contact\/scolnan-na-aruba\/\">Scol<\/a><\/span><\/li>\n<\/ul>\n<hr \/>\n<div id=\"accordion-1\" class=\"accordion no-js\"><\/p>\n<p>\n\t\t\t\t\t<h3 role=\"button\" id=\"accordion-1-t1\" class=\"accordion-title js-accordion-controller\" aria-controls=\"accordion-1-c1\" aria-expanded=\"false\" tabindex=\"0\">\n\t\t\t\tOrganogram\t\t\t<\/h3>\n\t\t\n\t\t<div id=\"accordion-1-c1\" class=\"accordion-content\" aria-hidden=\"true\">\n\t\t\t<\/p>\n<p><img loading=\"lazy\" decoding=\"async\" class=\"alignnone size-full wp-image-2953\" src=\"https:\/\/www.ea.aw\/pages\/wp-content\/uploads\/ph\/stock\/organogam_min-onderwijs-aruba-620.jpg\" alt=\"\" width=\"620\" height=\"314\" \/><\/p>\n<p>\t\t<\/div>\n\n\t\t<\/p>\n<p><\/div>\n<hr \/>\n<p>&nbsp;<\/p>\n","protected":false},"excerpt":{"rendered":"<p>Organisatiestructuur (NL) &#8211; Orginazation structure (EN) Ense\u00f1ansa na Aruba ta sirbi rond di bintidos mil (22000) alumno y studiante na mas o menos ochenta (80) scol. E organisacionnan cu ta responsabel pa Ense\u00f1ansa na Aruba ta: Ministerio di Ense\u00f1ansa Departamento di Ense\u00f1ansa Aruba (DEA) Dienst Uitvoering Onderwijssubsidies (DUOS) Dienst Inspectie van het Onderwijs (DIO) Bureau [&hellip;]<\/p>\n","protected":false},"author":1,"featured_media":0,"parent":0,"menu_order":0,"comment_status":"closed","ping_status":"closed","template":"","meta":{"footnotes":""},"class_list":["post-5","page","type-page","status-publish","hentry"],"_links":{"self":[{"href":"https:\/\/www.ea.aw\/pages\/wp-json\/wp\/v2\/pages\/5","targetHints":{"allow":["GET"]}}],"collection":[{"href":"https:\/\/www.ea.aw\/pages\/wp-json\/wp\/v2\/pages"}],"about":[{"href":"https:\/\/www.ea.aw\/pages\/wp-json\/wp\/v2\/types\/page"}],"author":[{"embeddable":true,"href":"https:\/\/www.ea.aw\/pages\/wp-json\/wp\/v2\/users\/1"}],"replies":[{"embeddable":true,"href":"https:\/\/www.ea.aw\/pages\/wp-json\/wp\/v2\/comments?post=5"}],"version-history":[{"count":41,"href":"https:\/\/www.ea.aw\/pages\/wp-json\/wp\/v2\/pages\/5\/revisions"}],"predecessor-version":[{"id":28806,"href":"https:\/\/www.ea.aw\/pages\/wp-json\/wp\/v2\/pages\/5\/revisions\/28806"}],"wp:attachment":[{"href":"https:\/\/www.ea.aw\/pages\/wp-json\/wp\/v2\/media?parent=5"}],"curies":[{"name":"wp","href":"https:\/\/api.w.org\/{rel}","templated":true}]}}