{"id":26271,"date":"2021-01-20T16:42:17","date_gmt":"2021-01-20T20:42:17","guid":{"rendered":"http:\/\/www.ea.aw\/pages\/?page_id=26271"},"modified":"2021-01-20T17:21:14","modified_gmt":"2021-01-20T21:21:14","slug":"curso","status":"publish","type":"page","link":"https:\/\/www.ea.aw\/pages\/curso\/","title":{"rendered":"Curso"},"content":{"rendered":"<hr \/>\n<p style=\"text-align: right;\"><span style=\"color: #00a1ab;\">Adult education: Courses<\/span><\/p>\n<hr \/>\n<p>Na Aruba nos conoce riba tereno di Ense\u00f1ansa pa Adulto dos instancia cu ta ofrece diferente curso vocacional.<\/p>\n<hr \/>\n<h3><span style=\"color: #333333;\">Ense\u00f1ansa pa Empleo (EPE)<\/span><\/h3>\n<p>Mas informacion:<\/p>\n<ul>\n<li><a href=\"https:\/\/www.ea.aw\/pages\/ensenansa-pa-empleo\/\">Ense\u00f1ansa pa Empleo (EPE)<\/a><\/li>\n<\/ul>\n<hr \/>\n<h3><span style=\"color: #333333;\">Openbare Avondleergangen Aruba Beroepsonderwijs (OAA)<\/span><\/h3>\n<p>Mas informacion:<\/p>\n<ul>\n<li><a href=\"https:\/\/www.ea.aw\/pages\/openbare-avondleergangen-aruba\/\">Openbare Avondleergangen Aruba Beroepsonderwijs (OAA)<\/a><\/li>\n<\/ul>\n<hr \/>\n<h3><span style=\"color: #333333;\">Noticia<\/span><\/h3>\n<ul class=\"display-posts-listing\"><li class=\"listing-item\"><a class=\"title\" href=\"https:\/\/www.ea.aw\/pages\/ahata-ta-colabora-cu-ensenansa-pa-empleo\/\">AHATA ta colabora cu Ense\u00f1ansa pa Empleo<\/a> <span class=\"date\">(8\/25\/2023)<\/span><\/li><li class=\"listing-item\"><a class=\"title\" href=\"https:\/\/www.ea.aw\/pages\/curso-finansas-den-mi-hogar\/\">Curso Finansas den mi Hogar<\/a> <span class=\"date\">(8\/15\/2023)<\/span><\/li><li class=\"listing-item\"><a class=\"title\" href=\"https:\/\/www.ea.aw\/pages\/land-aruba-academy\/\">Land Aruba Academy<\/a> <span class=\"date\">(7\/28\/2023)<\/span><\/li><li class=\"listing-item\"><a class=\"title\" href=\"https:\/\/www.ea.aw\/pages\/agri-business-academy\/\">Agri Business Academy<\/a> <span class=\"date\">(7\/24\/2023)<\/span><\/li><li class=\"listing-item\"><a class=\"title\" href=\"https:\/\/www.ea.aw\/pages\/ensenansa-pa-empleo-ta-habri-inscripcion-pa-ana-2022\/\">Ense\u00f1ansa pa Empleo ta habri inscripcion pa a\u00f1a 2022<\/a> <span class=\"date\">(1\/18\/2022)<\/span><\/li><li class=\"listing-item\"><a class=\"title\" href=\"https:\/\/www.ea.aw\/pages\/epe-ta-aumenta-cantidad-di-curso\/\">EPE ta aumenta cantidad di curso<\/a> <span class=\"date\">(7\/12\/2021)<\/span><\/li><li class=\"listing-item\"><a class=\"title\" href=\"https:\/\/www.ea.aw\/pages\/oaa-y-lwt-ta-habri-inscripcion-pa-2021\/\">OAA ta habri inscripcion pa 2021<\/a> <span class=\"date\">(1\/15\/2021)<\/span><\/li><li class=\"listing-item\"><a class=\"title\" href=\"https:\/\/www.ea.aw\/pages\/epe-ta-habri-inscripcion-pa-2021\/\">EPE ta habri inscripcion pa 2021<\/a> <span class=\"date\">(1\/12\/2021)<\/span><\/li><li class=\"listing-item\"><a class=\"title\" href=\"https:\/\/www.ea.aw\/pages\/studiantenan-di-oaa-a-mustra-aprecio-na-hende-muhe\/\">Studiantenan di OAA a mustra aprecio na hende muhe<\/a> <span class=\"date\">(5\/22\/2017)<\/span><\/li><li class=\"listing-item\"><a class=\"title\" href=\"https:\/\/www.ea.aw\/pages\/oaa-beroepsonderwijs\/\">OAA Beroepsonderwijs<\/a> <span class=\"date\">(2\/22\/2017)<\/span><\/li><\/ul>\n","protected":false},"excerpt":{"rendered":"<p>Adult education: Courses Na Aruba nos conoce riba tereno di Ense\u00f1ansa pa Adulto dos instancia cu ta ofrece diferente curso vocacional. Ense\u00f1ansa pa Empleo (EPE) Mas informacion: Ense\u00f1ansa pa Empleo (EPE) Openbare Avondleergangen Aruba Beroepsonderwijs (OAA) Mas informacion: Openbare Avondleergangen Aruba Beroepsonderwijs (OAA) Noticia<\/p>\n","protected":false},"author":2,"featured_media":0,"parent":0,"menu_order":0,"comment_status":"closed","ping_status":"closed","template":"","meta":{"footnotes":""},"class_list":["post-26271","page","type-page","status-publish","hentry"],"_links":{"self":[{"href":"https:\/\/www.ea.aw\/pages\/wp-json\/wp\/v2\/pages\/26271","targetHints":{"allow":["GET"]}}],"collection":[{"href":"https:\/\/www.ea.aw\/pages\/wp-json\/wp\/v2\/pages"}],"about":[{"href":"https:\/\/www.ea.aw\/pages\/wp-json\/wp\/v2\/types\/page"}],"author":[{"embeddable":true,"href":"https:\/\/www.ea.aw\/pages\/wp-json\/wp\/v2\/users\/2"}],"replies":[{"embeddable":true,"href":"https:\/\/www.ea.aw\/pages\/wp-json\/wp\/v2\/comments?post=26271"}],"version-history":[{"count":14,"href":"https:\/\/www.ea.aw\/pages\/wp-json\/wp\/v2\/pages\/26271\/revisions"}],"predecessor-version":[{"id":26287,"href":"https:\/\/www.ea.aw\/pages\/wp-json\/wp\/v2\/pages\/26271\/revisions\/26287"}],"wp:attachment":[{"href":"https:\/\/www.ea.aw\/pages\/wp-json\/wp\/v2\/media?parent=26271"}],"curies":[{"name":"wp","href":"https:\/\/api.w.org\/{rel}","templated":true}]}}