{"id":231,"date":"2017-01-13T02:10:46","date_gmt":"2017-01-13T06:10:46","guid":{"rendered":"http:\/\/www.ea.aw\/pages\/?page_id=231"},"modified":"2020-01-30T13:17:15","modified_gmt":"2020-01-30T17:17:15","slug":"ipa","status":"publish","type":"page","link":"https:\/\/www.ea.aw\/pages\/structura\/ensenansa-superior\/ipa\/","title":{"rendered":"Instituto Pedagogico Arubano (IPA)"},"content":{"rendered":"<hr \/>\n<p><img loading=\"lazy\" decoding=\"async\" class=\"alignnone size-full wp-image-8447\" src=\"https:\/\/www.ea.aw\/pages\/wp-content\/uploads\/2017\/01\/ipa_logo.png\" alt=\"\" width=\"200\" height=\"97\" \/><\/p>\n<hr \/>\n<p style=\"text-align: left;\">Instituto Pedagogico Arubano (IPA) ta un instancia pa Ense\u00f1ansa Superior (Hoger Beroeps-onderwijs), cu primordialmente ta prepara studiante pa bira maestro pa Ense\u00f1ansa Primario (preparatorio y basico) como tambe docente pa Ense\u00f1ansa Secundario.<\/p>\n<h3><span style=\"color: #555555;\">Opleiding<\/span><\/h3>\n<ul>\n<li>Opleiding tot leerkracht primair onderwijs<\/li>\n<li>Opleiding Movecion y Salud<\/li>\n<li>Nederlands 2de graads<\/li>\n<li>Consumptieve Technieken 2de graad<\/li>\n<li>Speciaal Onderwijs<\/li>\n<li>Pedagogisch Didaktisch Getuigschrift<\/li>\n<\/ul>\n<h3><span style=\"color: #555555;\">Nascholing<\/span><\/h3>\n<p style=\"text-align: left;\">Centro pa Desaroyo Profesional y Continuo (CDPC), antes Bureau Nascholing, ta e instancia oficial encarga cu:<\/p>\n<ul>\n<li><span style=\"text-align: justify;\">coordinacion di &#8216;nascholingsdagen&#8217; (studiedagen) di scolnan na Aruba<\/span><\/li>\n<li>profesionalisacion di maestro di kleuter, basis, voortgezet y hoger onderwijs<\/li>\n<\/ul>\n<h3><span style=\"color: #555555;\">Centro di Investigacion y Desaroyo di Ense\u00f1ansa (CIDE)<\/span><\/h3>\n<ul>\n<li>Investigacion den ense\u00f1ansa<\/li>\n<li>Sostene staf y studiante cu proyecto di investigacion<\/li>\n<li>Diferente publicacion den area di idioma, literatura y cultura<\/li>\n<li>Actualmente ta haciendo &#8216;effect study&#8217; riba e prome <a href=\"https:\/\/www.ea.aw\/pages\/psml\/\">Scolnan Multilingual<\/a><\/li>\n<\/ul>\n<hr \/>\n<h3><span style=\"color: #555555;\">Arubalening pa studia na IPA<\/span><\/h3>\n<p>Land Aruba\u00a0ta brinda studiantenan cu ta bay sigui cu nan estudio na Aruba of den exterior un prestamo pa estudio. E prestamo aki yama\u00a0Arubalening. Intencion di e\u00a0Arubalening\u00a0ta pa facilita e studiante cu su gastonan di nan estudio. Pa studia na Instituto Pedagogico Arubano e studiante por bin na remarca pa e producto\u00a0\u201cArubalening IPA\u201d. Na\u00a0Departamento di Ense\u00f1ansa Aruba (DEA)\u00a0seccion\u00a0Studiefaciliteiten\u00a0ta encarga cu\u00a0Arubalening.<\/p>\n<p>Mas informacion:<\/p>\n<ul>\n<li><a href=\"https:\/\/www.ea.aw\/pages\/studia\/studia-na-aruba\/\">Studia na Aruba &gt; Arubalening IPA<\/a><\/li>\n<\/ul>\n<hr \/>\n<h3><span style=\"color: #555555;\">Noticia<\/span><\/h3>\n<ul class=\"display-posts-listing\"><li class=\"listing-item\"><a class=\"title\" href=\"https:\/\/www.ea.aw\/pages\/ipa-ta-invita-bo-pa-un-anochi-di-informacion\/\">IPA ta invita bo pa un anochi di informacion<\/a> <span class=\"date\">(3\/6\/2026)<\/span><\/li><li class=\"listing-item\"><a class=\"title\" href=\"https:\/\/www.ea.aw\/pages\/cnavt-examen-awor-na-aruba-via-ipa\/\">CNaVT- examen awor na Aruba via IPA<\/a> <span class=\"date\">(3\/6\/2026)<\/span><\/li><li class=\"listing-item\"><a class=\"title\" href=\"https:\/\/www.ea.aw\/pages\/ipa-ta-invita-bo-pa-su-open-dag\/\">IPA ta invita bo pa su open dag<\/a> <span class=\"date\">(2\/9\/2026)<\/span><\/li><li class=\"listing-item\"><a class=\"title\" href=\"https:\/\/www.ea.aw\/pages\/reading-festival-aruba-2026\/\">Reading Festival Aruba 2026<\/a> <span class=\"date\">(2\/4\/2026)<\/span><\/li><li class=\"listing-item\"><a class=\"title\" href=\"https:\/\/www.ea.aw\/pages\/inscripcion-pa-21-toets-na-ipa-ta-cera-dia-12-di-januari-2026\/\">Inscripcion pa 21+ Toets na IPA ta cera dia 12 di januari 2026<\/a> <span class=\"date\">(1\/9\/2026)<\/span><\/li><li class=\"listing-item\"><a class=\"title\" href=\"https:\/\/www.ea.aw\/pages\/inscripcion-pa-e-estudio-pa-maestro-di-ensenansa-primario-di-ipa-ta-habri\/\">Inscripcion pa e estudio pa Maestro di Ense\u00f1ansa Primario di IPA ta habri<\/a> <span class=\"date\">(11\/4\/2025)<\/span><\/li><li class=\"listing-item\"><a class=\"title\" href=\"https:\/\/www.ea.aw\/pages\/crea-un-comienso-nobo-den-ensenansa-cu-21-toets\/\">Crea un comienso nobo den ense\u00f1ansa cu 21+ Toets<\/a> <span class=\"date\">(9\/15\/2025)<\/span><\/li><li class=\"listing-item\"><a class=\"title\" href=\"https:\/\/www.ea.aw\/pages\/graduadonan-di-ipa-cla-pa-nabega-pa-un-futuro-briyante\/\">Graduadonan di IPA cla pa nabega pa un futuro briyante<\/a> <span class=\"date\">(7\/4\/2025)<\/span><\/li><li class=\"listing-item\"><a class=\"title\" href=\"https:\/\/www.ea.aw\/pages\/finalisacion-exitoso-di-ipa-minor-globalization-diversity-multilingualism-education\/\">Finalisacion exitoso di IPA Minor: Globalization, Diversity, Multilingualism &#038; Education<\/a> <span class=\"date\">(6\/17\/2025)<\/span><\/li><li class=\"listing-item\"><a class=\"title\" href=\"https:\/\/www.ea.aw\/pages\/professionaliseringsaanbod-2025-2026-cdpc-doc\/\">IPA-CDPC Professionaliseringsaanbod 2025-2026 (doc)<\/a> <span class=\"date\">(6\/5\/2025)<\/span><\/li><\/ul>\n<hr \/>\n<h3><span style=\"color: #555555;\">Info \/ Contact<\/span><\/h3>\n<ul>\n<li><a href=\"https:\/\/www.ea.aw\/pages\/contact\/scolnan-na-aruba\/ipa\/\">Scol: Instituto Pedagogico Arubano (IPA)<\/a><\/li>\n<li><a href=\"https:\/\/www.ea.aw\/pages\/contact\/dps\/\">Directiva di Scol: DPS<\/a><\/li>\n<\/ul>\n","protected":false},"excerpt":{"rendered":"<p>Instituto Pedagogico Arubano (IPA) ta un instancia pa Ense\u00f1ansa Superior (Hoger Beroeps-onderwijs), cu primordialmente ta prepara studiante pa bira maestro pa Ense\u00f1ansa Primario (preparatorio y basico) como tambe docente pa Ense\u00f1ansa Secundario. Opleiding Opleiding tot leerkracht primair onderwijs Opleiding Movecion y Salud Nederlands 2de graads Consumptieve Technieken 2de graad Speciaal Onderwijs Pedagogisch Didaktisch Getuigschrift Nascholing [&hellip;]<\/p>\n","protected":false},"author":1,"featured_media":0,"parent":229,"menu_order":0,"comment_status":"closed","ping_status":"closed","template":"","meta":{"footnotes":""},"class_list":["post-231","page","type-page","status-publish","hentry"],"_links":{"self":[{"href":"https:\/\/www.ea.aw\/pages\/wp-json\/wp\/v2\/pages\/231","targetHints":{"allow":["GET"]}}],"collection":[{"href":"https:\/\/www.ea.aw\/pages\/wp-json\/wp\/v2\/pages"}],"about":[{"href":"https:\/\/www.ea.aw\/pages\/wp-json\/wp\/v2\/types\/page"}],"author":[{"embeddable":true,"href":"https:\/\/www.ea.aw\/pages\/wp-json\/wp\/v2\/users\/1"}],"replies":[{"embeddable":true,"href":"https:\/\/www.ea.aw\/pages\/wp-json\/wp\/v2\/comments?post=231"}],"version-history":[{"count":32,"href":"https:\/\/www.ea.aw\/pages\/wp-json\/wp\/v2\/pages\/231\/revisions"}],"predecessor-version":[{"id":21849,"href":"https:\/\/www.ea.aw\/pages\/wp-json\/wp\/v2\/pages\/231\/revisions\/21849"}],"up":[{"embeddable":true,"href":"https:\/\/www.ea.aw\/pages\/wp-json\/wp\/v2\/pages\/229"}],"wp:attachment":[{"href":"https:\/\/www.ea.aw\/pages\/wp-json\/wp\/v2\/media?parent=231"}],"curies":[{"name":"wp","href":"https:\/\/api.w.org\/{rel}","templated":true}]}}