{"id":12306,"date":"2018-03-29T14:27:55","date_gmt":"2018-03-29T18:27:55","guid":{"rendered":"http:\/\/www.ea.aw\/pages\/?page_id=12306"},"modified":"2024-09-10T12:31:27","modified_gmt":"2024-09-10T16:31:27","slug":"eindtermen-avo","status":"publish","type":"page","link":"https:\/\/www.ea.aw\/pages\/leerplannen\/eindtermen-avo\/","title":{"rendered":"Eindtermen AVO"},"content":{"rendered":"<hr \/>\n<h3><span style=\"color: #333333;\">Ciclo Avansa Ense\u00f1ansa Secundario General<\/span><\/h3>\n<p>Ciclo Avansa ta e ultimo dos a\u00f1anan di mavo, e ultimo tres a\u00f1anan di havo y e ultimo cuater a\u00f1anan di vwo. Den e documento cu ta yama \u2018eindtermen\u2019 ta describi e metanan\/terminonan final cu un alumno mester alcansa na final di ense\u00f1ansa secundario general avansa. E materianan ta reparti den e siguiente areanan di formacion.<\/p>\n<ul>\n<li>Taalbeheersing: Nederlandse Taal, Papiamentse Taal, Moderne vreemde talen, Engelse-, Spaanse Taal en literatuur, (Franse Taal en literatuur havo\/vwo)<\/li>\n<li>Exacte vorming: Wiskunde (A, B, D havo\/vwo &amp; C alleen vwo), Rekenen, Natuur-\/scheikunde (NaSk 1&amp;2), Informatica<\/li>\n<li>Algemene vorming: Persoonlijke Vorming (PV), (I&amp;S\/ Maatschappijleer havo\/vwo) Lichamelijke opvoeding, Biologie, Aardrijkskunde, Geschiedenis, Economie, Bedrijfskunde alleen mavo, (Bedrijfseconomie, ondernemerschap en financi\u00eble zelfredzaamheid havo\/vwo), (Filosofie havo\/vwo)<\/li>\n<li>Culturele en Kunstzinnige vorming: CKV (gemeenschappelijk- of profieldeel)<\/li>\n<\/ul>\n<p>Den e tabelnan akibou ta indica e \u2018eindtermen\u2019 di cada materia den ense\u00f1ansa secundario general riba nivel di mavo, havo y vwo na Aruba. E terminonan final traha na Aruba ta indica cu (AUA). E terminonan final cu ta igual den contenido cu esunnan di Hulanda ta indica cu (NL).<\/p>\n<div id=\"accordion-1\" class=\"accordion no-js\"><\/p>\n<p>\n\t\t\t\t\t<h3 role=\"button\" id=\"accordion-1-t1\" class=\"accordion-title js-accordion-controller\" aria-controls=\"accordion-1-c1\" aria-expanded=\"false\" tabindex=\"0\">\n\t\t\t\tEindtermen MAVO\t\t\t<\/h3>\n\t\t\n\t\t<div id=\"accordion-1-c1\" class=\"accordion-content\" aria-hidden=\"true\">\n\t\t\t<\/p>\n<h3><span style=\"color: #333333;\">Eindtermendocument Ciclo Avansa MAVO<\/span><\/h3>\n<ul>\n<li><a href=\"https:\/\/www.ea.aw\/pages\/wp-content\/uploads\/e\/eindtermen\/mavo\/3.-Papiamento-mavo.pdf\" target=\"_blank\" rel=\"noopener noreferrer\">Papiamentse taal en cultuur<\/a>\u00a0(AUA)<\/li>\n<li><a href=\"https:\/\/www.ea.aw\/pages\/wp-content\/uploads\/e\/eindtermen\/mavo\/1.-Engels-mavo.pdf\" target=\"_blank\" rel=\"noopener noreferrer\">Moderne Vreemde taal: Engels<\/a>\u00a0(NL) (vmbo-GT\/TL)<\/li>\n<li><a href=\"https:\/\/www.ea.aw\/pages\/wp-content\/uploads\/e\/eindtermen\/mavo\/4.-Spaans-mavo.pdf\" target=\"_blank\" rel=\"noopener noreferrer\">Moderne Vreemde taal: Spaans<\/a>\u00a0(AUA)<\/li>\n<li><a href=\"https:\/\/www.ea.aw\/pages\/wp-content\/uploads\/e\/eindtermen\/mavo\/Rekenen-Eindtermen-MAVO-2020-10-30.pdf\" target=\"_blank\" rel=\"noopener noreferrer\">Rekenen<\/a>\u00a0(NL) (vmbo-GT\/TL)<\/li>\n<li><a href=\"https:\/\/www.ea.aw\/pages\/wp-content\/uploads\/e\/eindtermen\/mavo\/5.-Lichamelijke-Opvoeding-mavo.pdf\" target=\"_blank\" rel=\"noopener noreferrer\">Lichamelijke Opvoeding<\/a>\u00a0(AUA)<\/li>\n<li><a href=\"https:\/\/www.ea.aw\/pages\/wp-content\/uploads\/e\/eindtermen\/mavo\/6.-CKV-mavo.pdf\" target=\"_blank\" rel=\"noopener noreferrer\">CKV (gemeenschappelijk deel)<\/a>\u00a0(AUA)<\/li>\n<li><a href=\"https:\/\/www.ea.aw\/pages\/wp-content\/uploads\/e\/eindtermen\/mavo\/7.-Wiskunde-mavo.pdf\" target=\"_blank\" rel=\"noopener noreferrer\">Wiskunde<\/a>\u00a0(NL)\u00a0(vmbo-GT\/TL)<\/li>\n<li><a href=\"https:\/\/www.ea.aw\/pages\/wp-content\/uploads\/e\/eindtermen\/mavo\/8.-Biologie-mavo.pdf\" target=\"_blank\" rel=\"noopener noreferrer\">Biologie<\/a>\u00a0(NL)\u00a0(vmbo-GT\/TL)<\/li>\n<li><a href=\"https:\/\/www.ea.aw\/pages\/wp-content\/uploads\/e\/eindtermen\/mavo\/9.-NASK-1-mavo.pdf\" target=\"_blank\" rel=\"noopener noreferrer\">Natuurkunde\/NaSk1<\/a>\u00a0(NL) (vmbo-GT\/TL)<\/li>\n<li><a href=\"https:\/\/www.ea.aw\/pages\/wp-content\/uploads\/e\/eindtermen\/mavo\/10.-NASK-2-mavo-1.pdf\" target=\"_blank\" rel=\"noopener noreferrer\">Scheikunde\/NaSk2<\/a>\u00a0(NL) (vmbo-GT\/TL)<\/li>\n<li><a href=\"https:\/\/www.ea.aw\/pages\/wp-content\/uploads\/e\/eindtermen\/mavo\/11.-Geschiedenis-mavo.pdf\" target=\"_blank\" rel=\"noopener noreferrer\">Geschiedenis<\/a>\u00a0(AUA)<\/li>\n<li><a href=\"https:\/\/www.ea.aw\/pages\/wp-content\/uploads\/e\/eindtermen\/mavo\/12.-Aardrijkskunde-mavo.pdf\" target=\"_blank\" rel=\"noopener noreferrer\">Aardrijkskunde<\/a>\u00a0(AUA)<\/li>\n<li><a href=\"https:\/\/www.ea.aw\/pages\/wp-content\/uploads\/e\/eindtermen\/mavo\/13.-Economie-M_O-mavo.pdf\" target=\"_blank\" rel=\"noopener noreferrer\">Economie\/Management en Organisatie<\/a>\u00a0(AUA)<\/li>\n<li><a href=\"https:\/\/www.ea.aw\/pages\/wp-content\/uploads\/e\/eindtermen\/mavo\/6B-CKV-mavo-profiel.pdf\" target=\"_blank\" rel=\"noopener noreferrer\">Kunstvak\/CKV profieldeel<\/a>\u00a0(AUA)<\/li>\n<\/ul>\n<h3><span style=\"color: #333333;\">Eindtermen en examenprogramma<\/span><\/h3>\n<ul>\n<li>Bedrijfskunde:\u00a0<a href=\"https:\/\/www.ea.aw\/pages\/wp-content\/uploads\/e\/eindtermen\/mavo\/Bedrijfskunde-eindtermen-en-examenprogramma-mavo-juni-2020.pdf\" target=\"_blank\" rel=\"noopener noreferrer\">Eindtermen en examenprogramma<\/a>\u00a0\u2013\u00a0<a href=\"https:\/\/www.ea.aw\/pages\/wp-content\/uploads\/e\/eindtermen\/mavo\/Bedrijfskunde-omschrijving-examenstof-mavo-juni-2020.pdf\" target=\"_blank\" rel=\"noopener noreferrer\">Omschrijving examenstof<\/a><\/li>\n<li>Economie:\u00a0<a href=\"https:\/\/www.ea.aw\/pages\/wp-content\/uploads\/e\/eindtermen\/mavo\/Economie-eindtermen-examenprogramma-mavo-2023-04-18.pdf\" target=\"_blank\" rel=\"noopener noreferrer\">Eindtermen en examenprogramma<\/a>\u00a0\u2013\u00a0<a href=\"https:\/\/www.ea.aw\/pages\/wp-content\/uploads\/e\/eindtermen\/mavo\/Economie-omschrijving-examenstof-mavo-juni-2020.pdf\" target=\"_blank\" rel=\"noopener noreferrer\">Omschrijving examenstof<\/a><\/li>\n<li>Geschiedenis:\u00a0<a href=\"https:\/\/www.ea.aw\/pages\/wp-content\/uploads\/e\/eindtermen\/mavo\/Geschiedenis-eindtermen-en-examenprogramma-mavo-4-april-2022.pdf\" target=\"_blank\" rel=\"noopener noreferrer\">Eindtermen en examenprogramma<\/a>\u00a0\u2013\u00a0<a href=\"https:\/\/www.ea.aw\/pages\/wp-content\/uploads\/e\/eindtermen\/mavo\/Geschiedenis-omschrijving-examenstof-mavo-april-2022.pdf\" target=\"_blank\" rel=\"noopener noreferrer\">Omschrijving examenstof<\/a><\/li>\n<li>Nederlands:\u00a0<a href=\"https:\/\/www.ea.aw\/pages\/wp-content\/uploads\/e\/eindtermen\/mavo\/Nederlands-eindtermen-examenprogramma-mavo-2023-04-18.pdf\" target=\"_blank\" rel=\"noopener noreferrer\">Eindtermen en examenprogramma<\/a><\/li>\n<\/ul>\n<p>VMBO-GT\/TL = Voorbereidend middelbaar beroepsonderwijs Gemengde leerweg\/Theoretische leerweg<\/p>\n<p>\t\t<\/div>\n\n\t\t<\/p>\n<p>\n\t\t\t\t\t<h3 role=\"button\" id=\"accordion-1-t2\" class=\"accordion-title js-accordion-controller\" aria-controls=\"accordion-1-c2\" aria-expanded=\"false\" tabindex=\"0\">\n\t\t\t\tEindtermen HAVO\t\t\t<\/h3>\n\t\t\n\t\t<div id=\"accordion-1-c2\" class=\"accordion-content\" aria-hidden=\"true\">\n\t\t\t<\/p>\n<h3><span style=\"color: #333333;\">Eindtermendocument Ciclo Avansa HAVO<\/span><\/h3>\n<ul>\n<li>Nederlandse taal en literatuur (NL)<\/li>\n<li><a href=\"https:\/\/www.ea.aw\/pages\/wp-content\/uploads\/2018\/08\/3.-Papiamento-havo-maart-2008.pdf\" target=\"_blank\" rel=\"noopener noreferrer\">Papiamentse taal en cultuur<\/a>\u00a0(AUA)<\/li>\n<li>Moderne Vreemde talen en literatuur (Engelse, Spaanse, Franse taal en literatuur) (NL)<\/li>\n<li><a href=\"https:\/\/www.ea.aw\/pages\/wp-content\/uploads\/e\/eindtermen\/havo-vwo\/Rekenen-Eindtermen-HAVO-VWO-2020-10-30.pdf\" target=\"_blank\" rel=\"noopener noreferrer\">Rekenen<\/a>\u00a0(NL)<\/li>\n<li><a href=\"https:\/\/www.ea.aw\/pages\/wp-content\/uploads\/pdf\/doc-pub\/e\/eindtermen\/eindtermen-havo-vwo\/5.-Lichamelijke-opvoeding-havo-2007.pdf\" target=\"_blank\" rel=\"noopener noreferrer\">Lichamelijke Opvoeding<\/a>\u00a0(AUA)<\/li>\n<li><a href=\"https:\/\/www.ea.aw\/pages\/wp-content\/uploads\/pdf\/doc-pub\/e\/eindtermen\/eindtermen-havo-vwo\/6.-CKV-havo-2007.pdf\" target=\"_blank\" rel=\"noopener noreferrer\">CKV (gemeenschappelijk deel)<\/a>\u00a0(AUA)<\/li>\n<li><a href=\"https:\/\/www.ea.aw\/pages\/wp-content\/uploads\/pdf\/doc-pub\/e\/eindtermen\/eindtermen-havo-vwo\/7A.-WISKUNDE-A-Eindtermen-HAVO-VWO-2016.pdf\" target=\"_blank\" rel=\"noopener noreferrer\">Wiskunde A<\/a>\u00a0(NL)<\/li>\n<li><a href=\"https:\/\/www.ea.aw\/pages\/wp-content\/uploads\/pdf\/doc-pub\/e\/eindtermen\/eindtermen-havo-vwo\/7B.-WISKUNDE-B-Eindtermen-HAVO-VWO-2016.pdf\" target=\"_blank\" rel=\"noopener noreferrer\">Wiskunde B<\/a>\u00a0(NL)<\/li>\n<li><a href=\"https:\/\/www.ea.aw\/pages\/wp-content\/uploads\/pdf\/doc-pub\/e\/eindtermen\/eindtermen-havo-vwo\/7D.-WISKUNDE-D-Eindtermen-HAVO-VWO-2016.pdf\" target=\"_blank\" rel=\"noopener noreferrer\">Wiskunde D<\/a>\u00a0(NL)<\/li>\n<li><a href=\"https:\/\/www.ea.aw\/pages\/wp-content\/uploads\/pdf\/doc-pub\/e\/eindtermen\/eindtermen-havo-vwo\/8.-BIOLOGIE-Eindtermen-HAVO-VWO-2016.pdf\" target=\"_blank\" rel=\"noopener noreferrer\">Biologie<\/a>\u00a0(NL)<\/li>\n<li><a href=\"https:\/\/www.ea.aw\/pages\/wp-content\/uploads\/pdf\/doc-pub\/e\/eindtermen\/eindtermen-havo-vwo\/9.-NATUURKUNDE-Eindtermen-HAVO-VWO-2016.pdf\" target=\"_blank\" rel=\"noopener noreferrer\">Natuurkunde<\/a>\u00a0(NL)<\/li>\n<li><a href=\"https:\/\/www.ea.aw\/pages\/wp-content\/uploads\/pdf\/doc-pub\/e\/eindtermen\/eindtermen-havo-vwo\/10.-SCHEIKUNDE-Eindtermen-HAVO-VWO-2016.pdf\" target=\"_blank\" rel=\"noopener noreferrer\">Scheikunde<\/a>\u00a0(NL)<\/li>\n<li><a href=\"https:\/\/www.ea.aw\/pages\/wp-content\/uploads\/pdf\/doc-pub\/e\/eindtermen\/eindtermen-havo-vwo\/11.-Geschiedenis-Havo-2007.pdf\" target=\"_blank\" rel=\"noopener noreferrer\">Geschiedenis<\/a>\u00a0(AUA)<\/li>\n<li><a href=\"https:\/\/www.ea.aw\/pages\/wp-content\/uploads\/pdf\/doc-pub\/e\/eindtermen\/eindtermen-havo-vwo\/12.-Aardrijkskunde-havo-2007.pdf\" target=\"_blank\" rel=\"noopener noreferrer\">Aardrijkskunde<\/a>\u00a0(AUA)<\/li>\n<li><a href=\"https:\/\/www.ea.aw\/pages\/wp-content\/uploads\/pdf\/doc-pub\/e\/eindtermen\/eindtermen-havo-vwo\/Eindtermdoc-Economie-havo-vwo-2019-07-12.pdf\" target=\"_blank\" rel=\"noopener noreferrer\">Economie<\/a>\u00a0(NL)<\/li>\n<li><a href=\"https:\/\/www.ea.aw\/pages\/wp-content\/uploads\/pdf\/doc-pub\/e\/eindtermen\/eindtermen-havo-vwo\/14.-Management-en-Organisatie-havo-2007.pdf\" target=\"_blank\" rel=\"noopener noreferrer\">Management en Organisatie<\/a>\u00a0(NL)<\/li>\n<li><a href=\"https:\/\/www.ea.aw\/pages\/wp-content\/uploads\/pdf\/doc-pub\/e\/eindtermen\/eindtermen-havo-vwo\/Eindtermdoc-Bedrijfseconomie-havo-vwo-2019-07-16.pdf\" target=\"_blank\" rel=\"noopener noreferrer\">Bedrijfseconomie, ondernemerschap en financi\u00eble zelfredzaamheid<\/a>\u00a0(NL)<\/li>\n<li><a href=\"https:\/\/www.ea.aw\/pages\/wp-content\/uploads\/pdf\/doc-pub\/e\/eindtermen\/eindtermen-havo-vwo\/15.-I_S-maatschappijleer-havo-2007.pdf\" target=\"_blank\" rel=\"noopener noreferrer\">I&amp;S\/ Maatschappijleer<\/a>\u00a0(AUA)<\/li>\n<li><a href=\"https:\/\/www.ea.aw\/pages\/wp-content\/uploads\/pdf\/doc-pub\/e\/eindtermen\/eindtermen-havo-vwo\/6b.-CKV-profiel-havo-vwo-2008.pdf\" target=\"_blank\" rel=\"noopener noreferrer\">Kunstvak\/CKV profieldeel<\/a>\u00a0(AUA)<\/li>\n<li><a href=\"https:\/\/www.ea.aw\/pages\/wp-content\/uploads\/pdf\/doc-pub\/e\/eindtermen\/eindtermen-havo-vwo\/17.-Filosofie-Eindtermen-HAVO-VWO-2016.pdf\" target=\"_blank\" rel=\"noopener noreferrer\">Filosofie<\/a>\u00a0(NL)<\/li>\n<\/ul>\n<h3><span style=\"color: #333333;\">Eindtermen en examenprogramma<\/span><\/h3>\n<ul>\n<li>Aardrijkskunde: <a href=\"https:\/\/www.ea.aw\/pages\/wp-content\/uploads\/e\/eindtermen\/havo-vwo\/Aardrijkskunde-eindtermen-examenprogramma-havo-vwo-2024-04-17.pdf\" target=\"_blank\" rel=\"noopener noreferrer\">Eindtermen en examenprogramma<\/a><\/li>\n<li>Informatica:\u00a0<a href=\"https:\/\/www.ea.aw\/pages\/wp-content\/uploads\/e\/eindtermen\/havo-vwo\/Informatica-eindtermen-en-examenprogramma-HAVO-VWO-okt-2020.pdf\" target=\"_blank\" rel=\"noopener noreferrer\">Eindtermen en examenprogramma<\/a>\u00a0(NL)<\/li>\n<li>Geschiedenis:\u00a0<a href=\"https:\/\/www.ea.aw\/pages\/wp-content\/uploads\/e\/eindtermen\/havo-vwo\/Geschiedenis-eindtermen-en-examenprogramma-havo-vwo-april-2022.pdf\" target=\"_blank\" rel=\"noopener noreferrer\">Eindtermen en examenprogramma<\/a>\u00a0\u2013\u00a0<a href=\"https:\/\/www.ea.aw\/pages\/wp-content\/uploads\/e\/eindtermen\/havo-vwo\/Geschiedenis-omschrijving-examenstof-havo-april-2022.pdf\" target=\"_blank\" rel=\"noopener noreferrer\">Omschrijving examenstof<\/a><\/li>\n<\/ul>\n<p>\t\t<\/div>\n\n\t\t<\/p>\n<p>\n\t\t\t\t\t<h3 role=\"button\" id=\"accordion-1-t3\" class=\"accordion-title js-accordion-controller\" aria-controls=\"accordion-1-c3\" aria-expanded=\"false\" tabindex=\"0\">\n\t\t\t\tEindtermen VWO\t\t\t<\/h3>\n\t\t\n\t\t<div id=\"accordion-1-c3\" class=\"accordion-content\" aria-hidden=\"true\">\n\t\t\t<\/p>\n<h3><span style=\"color: #333333;\">Eindtermendocument Ciclo Avansa VWO<\/span><\/h3>\n<ul>\n<li>Nederlandse taal en literatuur (NL)<\/li>\n<li><a href=\"https:\/\/www.ea.aw\/pages\/wp-content\/uploads\/2018\/08\/3.-Papiamento-vwo-2008.pdf\" target=\"_blank\" rel=\"noopener noreferrer\">Papiamentse taal en cultuur<\/a>\u00a0(AUA)<\/li>\n<li>Moderne Vreemde talen en literatuur (Engelse, Spaanse, Franse taal en literatuur) (NL)<\/li>\n<li><a href=\"https:\/\/www.ea.aw\/pages\/wp-content\/uploads\/e\/eindtermen\/havo-vwo\/Rekenen-Eindtermen-HAVO-VWO-2020-10-30.pdf\" target=\"_blank\" rel=\"noopener noreferrer\">Rekenen<\/a>\u00a0(NL)<\/li>\n<li><a href=\"https:\/\/www.ea.aw\/pages\/wp-content\/uploads\/pdf\/doc-pub\/e\/eindtermen\/eindtermen-havo-vwo\/5.-LO-vwo-2007.pdf\" target=\"_blank\" rel=\"noopener noreferrer\">Lichamelijke Opvoeding<\/a>\u00a0(AUA)<\/li>\n<li><a href=\"https:\/\/www.ea.aw\/pages\/wp-content\/uploads\/pdf\/doc-pub\/e\/eindtermen\/eindtermen-havo-vwo\/6.-CKV-vwo-2007.pdf\" target=\"_blank\" rel=\"noopener noreferrer\">CKV (gemeenschappelijk deel)<\/a>\u00a0(AUA)<\/li>\n<li><a href=\"https:\/\/www.ea.aw\/pages\/wp-content\/uploads\/pdf\/doc-pub\/e\/eindtermen\/eindtermen-havo-vwo\/7A.-WISKUNDE-A-Eindtermen-HAVO-VWO-2016.pdf\" target=\"_blank\" rel=\"noopener noreferrer\">Wiskunde A<\/a>\u00a0(NL)<\/li>\n<li><a href=\"https:\/\/www.ea.aw\/pages\/wp-content\/uploads\/pdf\/doc-pub\/e\/eindtermen\/eindtermen-havo-vwo\/7B.-WISKUNDE-B-Eindtermen-HAVO-VWO-2016.pdf\" target=\"_blank\" rel=\"noopener noreferrer\">Wiskunde B<\/a>\u00a0(NL)<\/li>\n<li><a href=\"https:\/\/www.ea.aw\/pages\/wp-content\/uploads\/pdf\/doc-pub\/e\/eindtermen\/eindtermen-havo-vwo\/7C.-WISKUNDE-C-Eindtermen-VWO-2016.pdf\" target=\"_blank\" rel=\"noopener noreferrer\">Wiskunde C<\/a>\u00a0(NL)<\/li>\n<li><a href=\"https:\/\/www.ea.aw\/pages\/wp-content\/uploads\/pdf\/doc-pub\/e\/eindtermen\/eindtermen-havo-vwo\/7D.-WISKUNDE-D-Eindtermen-HAVO-VWO-2016.pdf\" target=\"_blank\" rel=\"noopener noreferrer\">Wiskunde D<\/a>\u00a0(NL)<\/li>\n<li><a href=\"https:\/\/www.ea.aw\/pages\/wp-content\/uploads\/pdf\/doc-pub\/e\/eindtermen\/eindtermen-havo-vwo\/8.-BIOLOGIE-Eindtermen-HAVO-VWO-2016.pdf\" target=\"_blank\" rel=\"noopener noreferrer\">Biologie<\/a>\u00a0(NL)<\/li>\n<li><a href=\"https:\/\/www.ea.aw\/pages\/wp-content\/uploads\/pdf\/doc-pub\/e\/eindtermen\/eindtermen-havo-vwo\/9.-NATUURKUNDE-Eindtermen-HAVO-VWO-2016.pdf\" target=\"_blank\" rel=\"noopener noreferrer\">Natuurkunde<\/a>\u00a0(NL)<\/li>\n<li><a href=\"https:\/\/www.ea.aw\/pages\/wp-content\/uploads\/pdf\/doc-pub\/e\/eindtermen\/eindtermen-havo-vwo\/10.-SCHEIKUNDE-Eindtermen-HAVO-VWO-2016.pdf\" target=\"_blank\" rel=\"noopener noreferrer\">Scheikunde<\/a>\u00a0(NL)<\/li>\n<li><a href=\"https:\/\/www.ea.aw\/pages\/wp-content\/uploads\/pdf\/doc-pub\/e\/eindtermen\/eindtermen-havo-vwo\/11.-Geschiedenis-vwo-2007.pdf\" target=\"_blank\" rel=\"noopener noreferrer\">Geschiedenis<\/a>\u00a0(AUA)<\/li>\n<li><a href=\"https:\/\/www.ea.aw\/pages\/wp-content\/uploads\/pdf\/doc-pub\/e\/eindtermen\/eindtermen-havo-vwo\/12.-Aardrijkskunde-vwo-2007.pdf\" target=\"_blank\" rel=\"noopener noreferrer\">Aardrijkskunde<\/a>\u00a0(AUA)<\/li>\n<li><a href=\"https:\/\/www.ea.aw\/pages\/wp-content\/uploads\/pdf\/doc-pub\/e\/eindtermen\/eindtermen-havo-vwo\/Eindtermdoc-Economie-havo-vwo-2019-07-12.pdf\" target=\"_blank\" rel=\"noopener noreferrer\">Economie<\/a>\u00a0(NL)<\/li>\n<li><a href=\"https:\/\/www.ea.aw\/pages\/wp-content\/uploads\/pdf\/doc-pub\/e\/eindtermen\/eindtermen-havo-vwo\/14.M_O-vwo-2007.pdf\" target=\"_blank\" rel=\"noopener noreferrer\">Management en Organisatie<\/a>\u00a0(NL)<\/li>\n<li><a href=\"https:\/\/www.ea.aw\/pages\/wp-content\/uploads\/pdf\/doc-pub\/e\/eindtermen\/eindtermen-havo-vwo\/Eindtermdoc-Bedrijfseconomie-havo-vwo-2019-07-16.pdf\" target=\"_blank\" rel=\"noopener noreferrer\">Bedrijfseconomie, ondernemerschap en financi\u00eble zelfredzaamheid<\/a>\u00a0(NL)<\/li>\n<li><a href=\"https:\/\/www.ea.aw\/pages\/wp-content\/uploads\/pdf\/doc-pub\/e\/eindtermen\/eindtermen-havo-vwo\/15.-I_S-maatschappijleer-vwo-2007.pdf\" target=\"_blank\" rel=\"noopener noreferrer\">I&amp;S\/ Maatschappijleer<\/a>\u00a0(AUA)<\/li>\n<li><a href=\"https:\/\/www.ea.aw\/pages\/wp-content\/uploads\/pdf\/doc-pub\/e\/eindtermen\/eindtermen-havo-vwo\/6b.-CKV-profiel-havo-vwo-2008.pdf\" target=\"_blank\" rel=\"noopener noreferrer\">Kunstvak\/CKV profieldeel<\/a>\u00a0(AUA)<\/li>\n<li><a href=\"https:\/\/www.ea.aw\/pages\/wp-content\/uploads\/pdf\/doc-pub\/e\/eindtermen\/eindtermen-havo-vwo\/17.-Filosofie-Eindtermen-HAVO-VWO-2016.pdf\" target=\"_blank\" rel=\"noopener noreferrer\">Filosofie<\/a>\u00a0(NL)<\/li>\n<\/ul>\n<h3><span style=\"color: #333333;\">Eindtermen en examenprogramma<\/span><\/h3>\n<ul>\n<li>Aardrijkskunde: <a href=\"https:\/\/www.ea.aw\/pages\/wp-content\/uploads\/e\/eindtermen\/havo-vwo\/Aardrijkskunde-eindtermen-examenprogramma-havo-vwo-2024-04-17.pdf\" target=\"_blank\" rel=\"noopener noreferrer\">Eindtermen en examenprogramma<\/a><\/li>\n<li>Informatica:\u00a0<a href=\"https:\/\/www.ea.aw\/pages\/wp-content\/uploads\/e\/eindtermen\/havo-vwo\/Informatica-eindtermen-en-examenprogramma-HAVO-VWO-okt-2020.pdf\" target=\"_blank\" rel=\"noopener noreferrer\">Eindtermen en examenprogramma<\/a>\u00a0(NL)<\/li>\n<li>Geschiedenis:\u00a0<a href=\"https:\/\/www.ea.aw\/pages\/wp-content\/uploads\/e\/eindtermen\/havo-vwo\/Geschiedenis-eindtermen-en-examenprogramma-havo-vwo-april-2022.pdf\" target=\"_blank\" rel=\"noopener noreferrer\">Eindtermen en examenprogramma<\/a>\u00a0\u2013\u00a0<a href=\"https:\/\/www.ea.aw\/pages\/wp-content\/uploads\/e\/eindtermen\/havo-vwo\/Geschiedenis-omschrijving-examenstof-vwo-april-2022.pdf\" target=\"_blank\" rel=\"noopener noreferrer\">Omschrijving examenstof<\/a><\/li>\n<\/ul>\n<p>\t\t<\/div>\n\n\t\t<\/p>\n<p><\/div>\n<hr \/>\n<h3><span style=\"color: #333333;\">Info \/ Contact<\/span><\/h3>\n<p><a href=\"https:\/\/www.ea.aw\/pages\/contact\/departamento-di-ensenansa\">DEA afdeling Curriculum Ontwikkeling<\/a><\/p>\n<div id=\"_mcePaste\" style=\"position: absolute; left: -10000px; top: 300px; width: 1px; height: 1px; overflow: hidden;\">Henter comunidad: alumno, studiante, mayor, coleganan maestro y\/of cabesante di scol, ta bonbini pa nomina un persona of proyecto escolar pa Appel di Oro 2015. Pa haci esaki mester download e formulario di aplicacion for di riba e website Ense\u00f1ansa Aruba | ea.aw. Lesa e preguntanan y describi en corto y mas concreto posibel pakico bo kier nomina e persona of proyecto.<\/div>\n","protected":false},"excerpt":{"rendered":"<p>Ciclo Avansa Ense\u00f1ansa Secundario General Ciclo Avansa ta e ultimo dos a\u00f1anan di mavo, e ultimo tres a\u00f1anan di havo y e ultimo cuater a\u00f1anan di vwo. Den e documento cu ta yama \u2018eindtermen\u2019 ta describi e metanan\/terminonan final cu un alumno mester alcansa na final di ense\u00f1ansa secundario general avansa. E materianan ta reparti [&hellip;]<\/p>\n","protected":false},"author":2,"featured_media":0,"parent":30103,"menu_order":3,"comment_status":"closed","ping_status":"closed","template":"","meta":{"footnotes":""},"class_list":["post-12306","page","type-page","status-publish","hentry"],"_links":{"self":[{"href":"https:\/\/www.ea.aw\/pages\/wp-json\/wp\/v2\/pages\/12306","targetHints":{"allow":["GET"]}}],"collection":[{"href":"https:\/\/www.ea.aw\/pages\/wp-json\/wp\/v2\/pages"}],"about":[{"href":"https:\/\/www.ea.aw\/pages\/wp-json\/wp\/v2\/types\/page"}],"author":[{"embeddable":true,"href":"https:\/\/www.ea.aw\/pages\/wp-json\/wp\/v2\/users\/2"}],"replies":[{"embeddable":true,"href":"https:\/\/www.ea.aw\/pages\/wp-json\/wp\/v2\/comments?post=12306"}],"version-history":[{"count":87,"href":"https:\/\/www.ea.aw\/pages\/wp-json\/wp\/v2\/pages\/12306\/revisions"}],"predecessor-version":[{"id":34131,"href":"https:\/\/www.ea.aw\/pages\/wp-json\/wp\/v2\/pages\/12306\/revisions\/34131"}],"up":[{"embeddable":true,"href":"https:\/\/www.ea.aw\/pages\/wp-json\/wp\/v2\/pages\/30103"}],"wp:attachment":[{"href":"https:\/\/www.ea.aw\/pages\/wp-json\/wp\/v2\/media?parent=12306"}],"curies":[{"name":"wp","href":"https:\/\/api.w.org\/{rel}","templated":true}]}}